{"id":56,"date":"2016-04-03T01:38:52","date_gmt":"2016-04-02T23:38:52","guid":{"rendered":"http:\/\/toskana.gody.si\/?page_id=56"},"modified":"2020-11-04T09:30:11","modified_gmt":"2020-11-04T08:30:11","slug":"nearby-cities","status":"publish","type":"page","link":"https:\/\/www.gody.si\/sl\/activites\/nearby-cities\/","title":{"rendered":"Bli\u017enja mesta"},"content":{"rendered":"<p>Toskanska bajta se nahaja v dolini Valtiberina. To je najbolj vzhodna dolina province Arezzo, ki jo sestavljajo 4 doline. Arezzo je tudi najbolj vzhodna provinca regije Toskana. V krogu 30 kilometrov od Toskanskje bajte lahko obi\u0161\u010dete veliko manj\u0161ih mest. Bolj znamenita mesta, ki jih lahko obi\u0161\u010demo brez problema v enodnevnem izletu pa so:<\/p>\n<ul>\n<li><a href=\"https:\/\/www.discovertuscany.com\/it\/anghiari\/\">Anghiari<\/a>&nbsp;(10 km)<\/li>\n<li><a href=\"http:\/\/www.turismo.intoscana.it\/site\/en\/town\/Sansepolcro-00002\/\">Sansepolcro<\/a>&nbsp;(22 km)<\/li>\n<li><a href=\"http:\/\/www.cittadicastelloturismo.it\/en\/\">Citta di Castello<\/a>&nbsp;(43 km)<\/li>\n<li><a href=\"http:\/\/www.visitarezzo.com\/\" target=\"_blank\" rel=\"noopener noreferrer\">Arezzo<\/a>&nbsp;(42 km)<\/li>\n<li><a href=\"http:\/\/www.visitflorence.com\/\" target=\"_blank\" rel=\"noopener noreferrer\">Florence<\/a>&nbsp;(98 km)<\/li>\n<li><a href=\"http:\/\/www.aboutsiena.com\/\">Siena<\/a>&nbsp;(112 km)<\/li>\n<li><a href=\"http:\/\/www.perugiaonline.com\/\">Perugia<\/a> (98 km)<\/li>\n<li><a href=\"http:\/\/www.visitsanmarino.com\/on-line\/home.html\">San Marino<\/a> (86 km)<\/li>\n<\/ul>\n<p>Ve\u010dina cest je zavitih in odli\u010dnih za vo\u017enjo z motorjem. Za avtomobilsko potovanje je morda bolje izbrati hitre \u0161tiripasovnice in glavne ceste med mesti.<\/p>\n<p>Seveda so tudi Pisa, Luca in sredozemska obala dosegljivi v enem dnevu. \u0160e Rim je oddaljen samo 260 km.<\/p>\n<h3>Related Images:<\/h3><a class=\"synved-social-button synved-social-button-share synved-social-size-24 synved-social-resolution-single synved-social-provider-facebook nolightbox\" data-provider=\"facebook\" target=\"_blank\" rel=\"nofollow\" title=\"Share on Facebook\" href=\"https:\/\/www.facebook.com\/sharer.php?u=https%3A%2F%2Fwww.gody.si%2Fsl%2Fwp-json%2Fwp%2Fv2%2Fpages%2F56&#038;t=Bli%C5%BEnja%20mesta&#038;s=100&#038;p&#091;url&#093;=https%3A%2F%2Fwww.gody.si%2Fsl%2Fwp-json%2Fwp%2Fv2%2Fpages%2F56&#038;p&#091;images&#093;&#091;0&#093;=&#038;p&#091;title&#093;=Bli%C5%BEnja%20mesta\" style=\"font-size: 0px;width:24px;height:24px;margin:0;margin-bottom:5px;margin-right:5px\"><img loading=\"lazy\" decoding=\"async\" alt=\"Facebook\" title=\"Share on Facebook\" class=\"synved-share-image synved-social-image synved-social-image-share\" width=\"24\" height=\"24\" style=\"display: inline;width:24px;height:24px;margin: 0;padding: 0;border: none;box-shadow: none\" src=\"https:\/\/www.gody.si\/wp-content\/plugins\/social-media-feather\/synved-social\/image\/social\/regular\/48x48\/facebook.png\" \/><\/a><a class=\"synved-social-button synved-social-button-share synved-social-size-24 synved-social-resolution-single synved-social-provider-twitter nolightbox\" data-provider=\"twitter\" target=\"_blank\" rel=\"nofollow\" title=\"Share on Twitter\" href=\"https:\/\/twitter.com\/intent\/tweet?url=https%3A%2F%2Fwww.gody.si%2Fsl%2Fwp-json%2Fwp%2Fv2%2Fpages%2F56&#038;text=Hey%20check%20this%20out\" style=\"font-size: 0px;width:24px;height:24px;margin:0;margin-bottom:5px;margin-right:5px\"><img loading=\"lazy\" decoding=\"async\" alt=\"twitter\" title=\"Share on Twitter\" class=\"synved-share-image synved-social-image synved-social-image-share\" width=\"24\" height=\"24\" style=\"display: inline;width:24px;height:24px;margin: 0;padding: 0;border: none;box-shadow: none\" src=\"https:\/\/www.gody.si\/wp-content\/plugins\/social-media-feather\/synved-social\/image\/social\/regular\/48x48\/twitter.png\" \/><\/a><a class=\"synved-social-button synved-social-button-share synved-social-size-24 synved-social-resolution-single synved-social-provider-reddit nolightbox\" data-provider=\"reddit\" target=\"_blank\" rel=\"nofollow\" title=\"Share on Reddit\" href=\"https:\/\/www.reddit.com\/submit?url=https%3A%2F%2Fwww.gody.si%2Fsl%2Fwp-json%2Fwp%2Fv2%2Fpages%2F56&#038;title=Bli%C5%BEnja%20mesta\" style=\"font-size: 0px;width:24px;height:24px;margin:0;margin-bottom:5px;margin-right:5px\"><img loading=\"lazy\" decoding=\"async\" alt=\"reddit\" title=\"Share on Reddit\" class=\"synved-share-image synved-social-image synved-social-image-share\" width=\"24\" height=\"24\" style=\"display: inline;width:24px;height:24px;margin: 0;padding: 0;border: none;box-shadow: none\" src=\"https:\/\/www.gody.si\/wp-content\/plugins\/social-media-feather\/synved-social\/image\/social\/regular\/48x48\/reddit.png\" \/><\/a><a class=\"synved-social-button synved-social-button-share synved-social-size-24 synved-social-resolution-single synved-social-provider-pinterest nolightbox\" data-provider=\"pinterest\" target=\"_blank\" rel=\"nofollow\" title=\"Pin it with Pinterest\" href=\"https:\/\/pinterest.com\/pin\/create\/button\/?url=https%3A%2F%2Fwww.gody.si%2Fsl%2Fwp-json%2Fwp%2Fv2%2Fpages%2F56&#038;media=&#038;description=Bli%C5%BEnja%20mesta\" style=\"font-size: 0px;width:24px;height:24px;margin:0;margin-bottom:5px;margin-right:5px\"><img loading=\"lazy\" decoding=\"async\" alt=\"pinterest\" title=\"Pin it with Pinterest\" class=\"synved-share-image synved-social-image synved-social-image-share\" width=\"24\" height=\"24\" style=\"display: inline;width:24px;height:24px;margin: 0;padding: 0;border: none;box-shadow: none\" src=\"https:\/\/www.gody.si\/wp-content\/plugins\/social-media-feather\/synved-social\/image\/social\/regular\/48x48\/pinterest.png\" \/><\/a><a class=\"synved-social-button synved-social-button-share synved-social-size-24 synved-social-resolution-single synved-social-provider-linkedin nolightbox\" data-provider=\"linkedin\" target=\"_blank\" rel=\"nofollow\" title=\"Share on Linkedin\" href=\"https:\/\/www.linkedin.com\/shareArticle?mini=true&#038;url=https%3A%2F%2Fwww.gody.si%2Fsl%2Fwp-json%2Fwp%2Fv2%2Fpages%2F56&#038;title=Bli%C5%BEnja%20mesta\" style=\"font-size: 0px;width:24px;height:24px;margin:0;margin-bottom:5px;margin-right:5px\"><img loading=\"lazy\" decoding=\"async\" alt=\"linkedin\" title=\"Share on Linkedin\" class=\"synved-share-image synved-social-image synved-social-image-share\" width=\"24\" height=\"24\" style=\"display: inline;width:24px;height:24px;margin: 0;padding: 0;border: none;box-shadow: none\" src=\"https:\/\/www.gody.si\/wp-content\/plugins\/social-media-feather\/synved-social\/image\/social\/regular\/48x48\/linkedin.png\" \/><\/a><a class=\"synved-social-button synved-social-button-share synved-social-size-24 synved-social-resolution-single synved-social-provider-mail nolightbox\" data-provider=\"mail\" rel=\"nofollow\" title=\"Share by email\" href=\"mailto:?subject=Bli%C5%BEnja%20mesta&#038;body=Hey%20check%20this%20out:%20https%3A%2F%2Fwww.gody.si%2Fsl%2Fwp-json%2Fwp%2Fv2%2Fpages%2F56\" style=\"font-size: 0px;width:24px;height:24px;margin:0;margin-bottom:5px\"><img loading=\"lazy\" decoding=\"async\" alt=\"mail\" title=\"Share by email\" class=\"synved-share-image synved-social-image synved-social-image-share\" width=\"24\" height=\"24\" style=\"display: inline;width:24px;height:24px;margin: 0;padding: 0;border: none;box-shadow: none\" src=\"https:\/\/www.gody.si\/wp-content\/plugins\/social-media-feather\/synved-social\/image\/social\/regular\/48x48\/mail.png\" \/><\/a><a class=\"synved-social-credit\" target=\"_blank\" rel=\"nofollow\" title=\"WordPress Social Media Feather\" href=\"http:\/\/synved.com\/wordpress-social-media-feather\/\" style=\"color:#444;text-decoration:none;font-size:8px;margin-left:5px;vertical-align:10px;white-space:nowrap\"><span>by <\/span><img loading=\"lazy\" decoding=\"async\" style=\"display: inline;margin:0;padding:0;width:16px;height:16px\" width=\"16\" height=\"16\" alt=\"feather\" src=\"https:\/\/www.gody.si\/wp-content\/plugins\/social-media-feather\/synved-social\/image\/icon.png\" \/><\/a>","protected":false},"excerpt":{"rendered":"<p>Toskanska bajta se nahaja v dolini Valtiberina. To je najbolj vzhodna dolina province Arezzo, ki jo sestavljajo 4 doline. Arezzo je tudi najbolj vzhodna provinca regije Toskana. V krogu 30 kilometrov od Toskanskje bajte lahko obi\u0161\u010dete veliko manj\u0161ih mest. Bolj znamenita mesta, ki jih lahko obi\u0161\u010demo brez problema v enodnevnem izletu pa so: Anghiari&nbsp;(10 km) &hellip; <a href=\"https:\/\/www.gody.si\/sl\/activites\/nearby-cities\/\" class=\"more-link\">Preberi ve\u010d<span class=\"screen-reader-text\"> &#8220;Bli\u017enja mesta&#8221;<\/span><\/a><\/p>\n","protected":false},"author":1,"featured_media":0,"parent":64,"menu_order":0,"comment_status":"closed","ping_status":"closed","template":"","meta":{"ngg_post_thumbnail":0,"footnotes":""},"class_list":["post-56","page","type-page","status-publish","hentry"],"_links":{"self":[{"href":"https:\/\/www.gody.si\/sl\/wp-json\/wp\/v2\/pages\/56","targetHints":{"allow":["GET"]}}],"collection":[{"href":"https:\/\/www.gody.si\/sl\/wp-json\/wp\/v2\/pages"}],"about":[{"href":"https:\/\/www.gody.si\/sl\/wp-json\/wp\/v2\/types\/page"}],"author":[{"embeddable":true,"href":"https:\/\/www.gody.si\/sl\/wp-json\/wp\/v2\/users\/1"}],"replies":[{"embeddable":true,"href":"https:\/\/www.gody.si\/sl\/wp-json\/wp\/v2\/comments?post=56"}],"version-history":[{"count":5,"href":"https:\/\/www.gody.si\/sl\/wp-json\/wp\/v2\/pages\/56\/revisions"}],"predecessor-version":[{"id":868,"href":"https:\/\/www.gody.si\/sl\/wp-json\/wp\/v2\/pages\/56\/revisions\/868"}],"up":[{"embeddable":true,"href":"https:\/\/www.gody.si\/sl\/wp-json\/wp\/v2\/pages\/64"}],"wp:attachment":[{"href":"https:\/\/www.gody.si\/sl\/wp-json\/wp\/v2\/media?parent=56"}],"curies":[{"name":"wp","href":"https:\/\/api.w.org\/{rel}","templated":true}]}}