{"id":155,"date":"2016-04-14T22:01:45","date_gmt":"2016-04-14T20:01:45","guid":{"rendered":"http:\/\/www.gody.si\/?page_id=155"},"modified":"2019-11-05T23:44:40","modified_gmt":"2019-11-05T22:44:40","slug":"cyclist","status":"publish","type":"page","link":"https:\/\/www.gody.si\/sl\/activites\/cyclist\/","title":{"rendered":"Kolesarjenje"},"content":{"rendered":"<p>Kolesarske poti skozi dolino <a href=\"http:\/\/www.valtiberinaintoscana.it\/en\" target=\"_blank\" rel=\"noopener noreferrer\">Valtiberina<\/a> in okoli\u0161ke hribe so povsem blizu Toskanske bajte.<\/p>\n<p>Prav od hi\u0161e lahko za\u010dnete kro\u017eno pot do vasi <a href=\"http:\/\/www.turismo.intoscana.it\/site\/en\/town\/Chiusi-della-Verna-00001\/?d=1\" target=\"_blank\" rel=\"noopener noreferrer\">Chiusi della Verna<\/a> (cca 10km) pod <a href=\"http:\/\/www.laverna.it\/en\" target=\"_blank\" rel=\"noopener noreferrer\">fran\u010di\u0161kanskim&nbsp; samostanom<\/a> La Verna, vklesanim v skalo na vrhu hriba.<\/p>\n<p>Kolesarki verzija poti <a href=\"http:\/\/www.valtiberinaintoscana.it\/en\" target=\"_blank\" rel=\"noopener noreferrer\"><strong class=\"darkgreen\">Via Francesco&nbsp; <\/strong><\/a>vodi povsem blizu vasi Fragaiolo, v kateri stoji Toskanska bajta<\/p>\n<h3>Related Images:<\/h3><a class=\"synved-social-button synved-social-button-share synved-social-size-24 synved-social-resolution-single synved-social-provider-facebook nolightbox\" data-provider=\"facebook\" target=\"_blank\" rel=\"nofollow\" title=\"Share on Facebook\" href=\"https:\/\/www.facebook.com\/sharer.php?u=https%3A%2F%2Fwww.gody.si%2Fsl%2Fwp-json%2Fwp%2Fv2%2Fpages%2F155&#038;t=Kolesarjenje&#038;s=100&#038;p&#091;url&#093;=https%3A%2F%2Fwww.gody.si%2Fsl%2Fwp-json%2Fwp%2Fv2%2Fpages%2F155&#038;p&#091;images&#093;&#091;0&#093;=&#038;p&#091;title&#093;=Kolesarjenje\" style=\"font-size: 0px;width:24px;height:24px;margin:0;margin-bottom:5px;margin-right:5px\"><img loading=\"lazy\" decoding=\"async\" alt=\"Facebook\" title=\"Share on Facebook\" class=\"synved-share-image synved-social-image synved-social-image-share\" width=\"24\" height=\"24\" style=\"display: inline;width:24px;height:24px;margin: 0;padding: 0;border: none;box-shadow: none\" src=\"https:\/\/www.gody.si\/wp-content\/plugins\/social-media-feather\/synved-social\/image\/social\/regular\/48x48\/facebook.png\" \/><\/a><a class=\"synved-social-button synved-social-button-share synved-social-size-24 synved-social-resolution-single synved-social-provider-twitter nolightbox\" data-provider=\"twitter\" target=\"_blank\" rel=\"nofollow\" title=\"Share on Twitter\" href=\"https:\/\/twitter.com\/intent\/tweet?url=https%3A%2F%2Fwww.gody.si%2Fsl%2Fwp-json%2Fwp%2Fv2%2Fpages%2F155&#038;text=Hey%20check%20this%20out\" style=\"font-size: 0px;width:24px;height:24px;margin:0;margin-bottom:5px;margin-right:5px\"><img loading=\"lazy\" decoding=\"async\" alt=\"twitter\" title=\"Share on Twitter\" class=\"synved-share-image synved-social-image synved-social-image-share\" width=\"24\" height=\"24\" style=\"display: inline;width:24px;height:24px;margin: 0;padding: 0;border: none;box-shadow: none\" src=\"https:\/\/www.gody.si\/wp-content\/plugins\/social-media-feather\/synved-social\/image\/social\/regular\/48x48\/twitter.png\" \/><\/a><a class=\"synved-social-button synved-social-button-share synved-social-size-24 synved-social-resolution-single synved-social-provider-reddit nolightbox\" data-provider=\"reddit\" target=\"_blank\" rel=\"nofollow\" title=\"Share on Reddit\" href=\"https:\/\/www.reddit.com\/submit?url=https%3A%2F%2Fwww.gody.si%2Fsl%2Fwp-json%2Fwp%2Fv2%2Fpages%2F155&#038;title=Kolesarjenje\" style=\"font-size: 0px;width:24px;height:24px;margin:0;margin-bottom:5px;margin-right:5px\"><img loading=\"lazy\" decoding=\"async\" alt=\"reddit\" title=\"Share on Reddit\" class=\"synved-share-image synved-social-image synved-social-image-share\" width=\"24\" height=\"24\" style=\"display: inline;width:24px;height:24px;margin: 0;padding: 0;border: none;box-shadow: none\" src=\"https:\/\/www.gody.si\/wp-content\/plugins\/social-media-feather\/synved-social\/image\/social\/regular\/48x48\/reddit.png\" \/><\/a><a class=\"synved-social-button synved-social-button-share synved-social-size-24 synved-social-resolution-single synved-social-provider-pinterest nolightbox\" data-provider=\"pinterest\" target=\"_blank\" rel=\"nofollow\" title=\"Pin it with Pinterest\" href=\"https:\/\/pinterest.com\/pin\/create\/button\/?url=https%3A%2F%2Fwww.gody.si%2Fsl%2Fwp-json%2Fwp%2Fv2%2Fpages%2F155&#038;media=&#038;description=Kolesarjenje\" style=\"font-size: 0px;width:24px;height:24px;margin:0;margin-bottom:5px;margin-right:5px\"><img loading=\"lazy\" decoding=\"async\" alt=\"pinterest\" title=\"Pin it with Pinterest\" class=\"synved-share-image synved-social-image synved-social-image-share\" width=\"24\" height=\"24\" style=\"display: inline;width:24px;height:24px;margin: 0;padding: 0;border: none;box-shadow: none\" src=\"https:\/\/www.gody.si\/wp-content\/plugins\/social-media-feather\/synved-social\/image\/social\/regular\/48x48\/pinterest.png\" \/><\/a><a class=\"synved-social-button synved-social-button-share synved-social-size-24 synved-social-resolution-single synved-social-provider-linkedin nolightbox\" data-provider=\"linkedin\" target=\"_blank\" rel=\"nofollow\" title=\"Share on Linkedin\" href=\"https:\/\/www.linkedin.com\/shareArticle?mini=true&#038;url=https%3A%2F%2Fwww.gody.si%2Fsl%2Fwp-json%2Fwp%2Fv2%2Fpages%2F155&#038;title=Kolesarjenje\" style=\"font-size: 0px;width:24px;height:24px;margin:0;margin-bottom:5px;margin-right:5px\"><img loading=\"lazy\" decoding=\"async\" alt=\"linkedin\" title=\"Share on Linkedin\" class=\"synved-share-image synved-social-image synved-social-image-share\" width=\"24\" height=\"24\" style=\"display: inline;width:24px;height:24px;margin: 0;padding: 0;border: none;box-shadow: none\" src=\"https:\/\/www.gody.si\/wp-content\/plugins\/social-media-feather\/synved-social\/image\/social\/regular\/48x48\/linkedin.png\" \/><\/a><a class=\"synved-social-button synved-social-button-share synved-social-size-24 synved-social-resolution-single synved-social-provider-mail nolightbox\" data-provider=\"mail\" rel=\"nofollow\" title=\"Share by email\" href=\"mailto:?subject=Kolesarjenje&#038;body=Hey%20check%20this%20out:%20https%3A%2F%2Fwww.gody.si%2Fsl%2Fwp-json%2Fwp%2Fv2%2Fpages%2F155\" style=\"font-size: 0px;width:24px;height:24px;margin:0;margin-bottom:5px\"><img loading=\"lazy\" decoding=\"async\" alt=\"mail\" title=\"Share by email\" class=\"synved-share-image synved-social-image synved-social-image-share\" width=\"24\" height=\"24\" style=\"display: inline;width:24px;height:24px;margin: 0;padding: 0;border: none;box-shadow: none\" src=\"https:\/\/www.gody.si\/wp-content\/plugins\/social-media-feather\/synved-social\/image\/social\/regular\/48x48\/mail.png\" \/><\/a><a class=\"synved-social-credit\" target=\"_blank\" rel=\"nofollow\" title=\"WordPress Social Media Feather\" href=\"http:\/\/synved.com\/wordpress-social-media-feather\/\" style=\"color:#444;text-decoration:none;font-size:8px;margin-left:5px;vertical-align:10px;white-space:nowrap\"><span>by <\/span><img loading=\"lazy\" decoding=\"async\" style=\"display: inline;margin:0;padding:0;width:16px;height:16px\" width=\"16\" height=\"16\" alt=\"feather\" src=\"https:\/\/www.gody.si\/wp-content\/plugins\/social-media-feather\/synved-social\/image\/icon.png\" \/><\/a>","protected":false},"excerpt":{"rendered":"<p>Kolesarske poti skozi dolino Valtiberina in okoli\u0161ke hribe so povsem blizu Toskanske bajte. Prav od hi\u0161e lahko za\u010dnete kro\u017eno pot do vasi Chiusi della Verna (cca 10km) pod fran\u010di\u0161kanskim&nbsp; samostanom La Verna, vklesanim v skalo na vrhu hriba. Kolesarki verzija poti Via Francesco&nbsp; vodi povsem blizu vasi Fragaiolo, v kateri stoji Toskanska bajta Related Images:by<\/p>\n","protected":false},"author":1,"featured_media":0,"parent":64,"menu_order":0,"comment_status":"closed","ping_status":"closed","template":"","meta":{"ngg_post_thumbnail":0,"footnotes":""},"class_list":["post-155","page","type-page","status-publish","hentry"],"_links":{"self":[{"href":"https:\/\/www.gody.si\/sl\/wp-json\/wp\/v2\/pages\/155","targetHints":{"allow":["GET"]}}],"collection":[{"href":"https:\/\/www.gody.si\/sl\/wp-json\/wp\/v2\/pages"}],"about":[{"href":"https:\/\/www.gody.si\/sl\/wp-json\/wp\/v2\/types\/page"}],"author":[{"embeddable":true,"href":"https:\/\/www.gody.si\/sl\/wp-json\/wp\/v2\/users\/1"}],"replies":[{"embeddable":true,"href":"https:\/\/www.gody.si\/sl\/wp-json\/wp\/v2\/comments?post=155"}],"version-history":[{"count":9,"href":"https:\/\/www.gody.si\/sl\/wp-json\/wp\/v2\/pages\/155\/revisions"}],"predecessor-version":[{"id":804,"href":"https:\/\/www.gody.si\/sl\/wp-json\/wp\/v2\/pages\/155\/revisions\/804"}],"up":[{"embeddable":true,"href":"https:\/\/www.gody.si\/sl\/wp-json\/wp\/v2\/pages\/64"}],"wp:attachment":[{"href":"https:\/\/www.gody.si\/sl\/wp-json\/wp\/v2\/media?parent=155"}],"curies":[{"name":"wp","href":"https:\/\/api.w.org\/{rel}","templated":true}]}}