{"id":135,"date":"2016-04-03T18:37:43","date_gmt":"2016-04-03T16:37:43","guid":{"rendered":"http:\/\/toskana.gody.si\/?page_id=135"},"modified":"2020-09-24T09:31:21","modified_gmt":"2020-09-24T07:31:21","slug":"description","status":"publish","type":"page","link":"https:\/\/www.gody.si\/sl\/find-us\/description\/","title":{"rendered":"Opis"},"content":{"rendered":"<p>Originalna kamnita hi\u0161a v toskanski vasi Fragaiolo, primerna za 4 ali 5 oseb, ki jo sestavljajo:<\/p>\n<ul>\n<li>Drugo nadstropje:\n<ul>\n<li>Glavna spalnica z dvojnim le\u017ei\u0161\u010dem<\/li>\n<li>Spalnica z 2 ali 3 le\u017ei\u0161\u010di<\/li>\n<\/ul>\n<\/li>\n<li>Prvo naddstopje:\n<ul>\n<li>Kuhinja\/dnevni prostor\n<ul>\n<li>Pe\u010d na drva za ogrevanje<\/li>\n<li>Kamin (ni v uporabi)<\/li>\n<li>\u0160tedilnik 4x plin 2x elektrika<\/li>\n<li>Hladilnik<\/li>\n<li>TV<\/li>\n<li>&#8230;<\/li>\n<\/ul>\n<\/li>\n<li>Kopalnica\n<ul>\n<li>Tu\u0161 kabina<\/li>\n<li>WC<\/li>\n<\/ul>\n<\/li>\n<\/ul>\n<\/li>\n<li>Pritli\u010dje\n<ul>\n<li>Shramba \/ gara\u017ea za 1 velik ali 2 manj\u0161a motorja\n<ul>\n<li>Pralni stroj<\/li>\n<li>Voda s cevjo<\/li>\n<\/ul>\n<\/li>\n<li>Drvarnica<\/li>\n<li>Zunanji WC<\/li>\n<\/ul>\n<\/li>\n<\/ul>\n<p>&nbsp;<\/p>\n<h3>Related Images:<\/h3><a class=\"synved-social-button synved-social-button-share synved-social-size-24 synved-social-resolution-single synved-social-provider-facebook nolightbox\" data-provider=\"facebook\" target=\"_blank\" rel=\"nofollow\" title=\"Share on Facebook\" href=\"https:\/\/www.facebook.com\/sharer.php?u=https%3A%2F%2Fwww.gody.si%2Fsl%2Fwp-json%2Fwp%2Fv2%2Fpages%2F135&#038;t=Opis&#038;s=100&#038;p&#091;url&#093;=https%3A%2F%2Fwww.gody.si%2Fsl%2Fwp-json%2Fwp%2Fv2%2Fpages%2F135&#038;p&#091;images&#093;&#091;0&#093;=&#038;p&#091;title&#093;=Opis\" style=\"font-size: 0px;width:24px;height:24px;margin:0;margin-bottom:5px;margin-right:5px\"><img loading=\"lazy\" decoding=\"async\" alt=\"Facebook\" title=\"Share on Facebook\" class=\"synved-share-image synved-social-image synved-social-image-share\" width=\"24\" height=\"24\" style=\"display: inline;width:24px;height:24px;margin: 0;padding: 0;border: none;box-shadow: none\" src=\"https:\/\/www.gody.si\/wp-content\/plugins\/social-media-feather\/synved-social\/image\/social\/regular\/48x48\/facebook.png\" \/><\/a><a class=\"synved-social-button synved-social-button-share synved-social-size-24 synved-social-resolution-single synved-social-provider-twitter nolightbox\" data-provider=\"twitter\" target=\"_blank\" rel=\"nofollow\" title=\"Share on Twitter\" href=\"https:\/\/twitter.com\/intent\/tweet?url=https%3A%2F%2Fwww.gody.si%2Fsl%2Fwp-json%2Fwp%2Fv2%2Fpages%2F135&#038;text=Hey%20check%20this%20out\" style=\"font-size: 0px;width:24px;height:24px;margin:0;margin-bottom:5px;margin-right:5px\"><img loading=\"lazy\" decoding=\"async\" alt=\"twitter\" title=\"Share on Twitter\" class=\"synved-share-image synved-social-image synved-social-image-share\" width=\"24\" height=\"24\" style=\"display: inline;width:24px;height:24px;margin: 0;padding: 0;border: none;box-shadow: none\" src=\"https:\/\/www.gody.si\/wp-content\/plugins\/social-media-feather\/synved-social\/image\/social\/regular\/48x48\/twitter.png\" \/><\/a><a class=\"synved-social-button synved-social-button-share synved-social-size-24 synved-social-resolution-single synved-social-provider-reddit nolightbox\" data-provider=\"reddit\" target=\"_blank\" rel=\"nofollow\" title=\"Share on Reddit\" href=\"https:\/\/www.reddit.com\/submit?url=https%3A%2F%2Fwww.gody.si%2Fsl%2Fwp-json%2Fwp%2Fv2%2Fpages%2F135&#038;title=Opis\" style=\"font-size: 0px;width:24px;height:24px;margin:0;margin-bottom:5px;margin-right:5px\"><img loading=\"lazy\" decoding=\"async\" alt=\"reddit\" title=\"Share on Reddit\" class=\"synved-share-image synved-social-image synved-social-image-share\" width=\"24\" height=\"24\" style=\"display: inline;width:24px;height:24px;margin: 0;padding: 0;border: none;box-shadow: none\" src=\"https:\/\/www.gody.si\/wp-content\/plugins\/social-media-feather\/synved-social\/image\/social\/regular\/48x48\/reddit.png\" \/><\/a><a class=\"synved-social-button synved-social-button-share synved-social-size-24 synved-social-resolution-single synved-social-provider-pinterest nolightbox\" data-provider=\"pinterest\" target=\"_blank\" rel=\"nofollow\" title=\"Pin it with Pinterest\" href=\"https:\/\/pinterest.com\/pin\/create\/button\/?url=https%3A%2F%2Fwww.gody.si%2Fsl%2Fwp-json%2Fwp%2Fv2%2Fpages%2F135&#038;media=&#038;description=Opis\" style=\"font-size: 0px;width:24px;height:24px;margin:0;margin-bottom:5px;margin-right:5px\"><img loading=\"lazy\" decoding=\"async\" alt=\"pinterest\" title=\"Pin it with Pinterest\" class=\"synved-share-image synved-social-image synved-social-image-share\" width=\"24\" height=\"24\" style=\"display: inline;width:24px;height:24px;margin: 0;padding: 0;border: none;box-shadow: none\" src=\"https:\/\/www.gody.si\/wp-content\/plugins\/social-media-feather\/synved-social\/image\/social\/regular\/48x48\/pinterest.png\" \/><\/a><a class=\"synved-social-button synved-social-button-share synved-social-size-24 synved-social-resolution-single synved-social-provider-linkedin nolightbox\" data-provider=\"linkedin\" target=\"_blank\" rel=\"nofollow\" title=\"Share on Linkedin\" href=\"https:\/\/www.linkedin.com\/shareArticle?mini=true&#038;url=https%3A%2F%2Fwww.gody.si%2Fsl%2Fwp-json%2Fwp%2Fv2%2Fpages%2F135&#038;title=Opis\" style=\"font-size: 0px;width:24px;height:24px;margin:0;margin-bottom:5px;margin-right:5px\"><img loading=\"lazy\" decoding=\"async\" alt=\"linkedin\" title=\"Share on Linkedin\" class=\"synved-share-image synved-social-image synved-social-image-share\" width=\"24\" height=\"24\" style=\"display: inline;width:24px;height:24px;margin: 0;padding: 0;border: none;box-shadow: none\" src=\"https:\/\/www.gody.si\/wp-content\/plugins\/social-media-feather\/synved-social\/image\/social\/regular\/48x48\/linkedin.png\" \/><\/a><a class=\"synved-social-button synved-social-button-share synved-social-size-24 synved-social-resolution-single synved-social-provider-mail nolightbox\" data-provider=\"mail\" rel=\"nofollow\" title=\"Share by email\" href=\"mailto:?subject=Opis&#038;body=Hey%20check%20this%20out:%20https%3A%2F%2Fwww.gody.si%2Fsl%2Fwp-json%2Fwp%2Fv2%2Fpages%2F135\" style=\"font-size: 0px;width:24px;height:24px;margin:0;margin-bottom:5px\"><img loading=\"lazy\" decoding=\"async\" alt=\"mail\" title=\"Share by email\" class=\"synved-share-image synved-social-image synved-social-image-share\" width=\"24\" height=\"24\" style=\"display: inline;width:24px;height:24px;margin: 0;padding: 0;border: none;box-shadow: none\" src=\"https:\/\/www.gody.si\/wp-content\/plugins\/social-media-feather\/synved-social\/image\/social\/regular\/48x48\/mail.png\" \/><\/a><a class=\"synved-social-credit\" target=\"_blank\" rel=\"nofollow\" title=\"WordPress Social Media Feather\" href=\"http:\/\/synved.com\/wordpress-social-media-feather\/\" style=\"color:#444;text-decoration:none;font-size:8px;margin-left:5px;vertical-align:10px;white-space:nowrap\"><span>by <\/span><img loading=\"lazy\" decoding=\"async\" style=\"display: inline;margin:0;padding:0;width:16px;height:16px\" width=\"16\" height=\"16\" alt=\"feather\" src=\"https:\/\/www.gody.si\/wp-content\/plugins\/social-media-feather\/synved-social\/image\/icon.png\" \/><\/a>","protected":false},"excerpt":{"rendered":"<p>Originalna kamnita hi\u0161a v toskanski vasi Fragaiolo, primerna za 4 ali 5 oseb, ki jo sestavljajo: Drugo nadstropje: Glavna spalnica z dvojnim le\u017ei\u0161\u010dem Spalnica z 2 ali 3 le\u017ei\u0161\u010di Prvo naddstopje: Kuhinja\/dnevni prostor Pe\u010d na drva za ogrevanje Kamin (ni v uporabi) \u0160tedilnik 4x plin 2x elektrika Hladilnik TV &#8230; Kopalnica Tu\u0161 kabina WC Pritli\u010dje &hellip; <a href=\"https:\/\/www.gody.si\/sl\/find-us\/description\/\" class=\"more-link\">Preberi ve\u010d<span class=\"screen-reader-text\"> &#8220;Opis&#8221;<\/span><\/a><\/p>\n","protected":false},"author":1,"featured_media":0,"parent":91,"menu_order":0,"comment_status":"closed","ping_status":"closed","template":"","meta":{"ngg_post_thumbnail":0,"footnotes":""},"class_list":["post-135","page","type-page","status-publish","hentry"],"_links":{"self":[{"href":"https:\/\/www.gody.si\/sl\/wp-json\/wp\/v2\/pages\/135","targetHints":{"allow":["GET"]}}],"collection":[{"href":"https:\/\/www.gody.si\/sl\/wp-json\/wp\/v2\/pages"}],"about":[{"href":"https:\/\/www.gody.si\/sl\/wp-json\/wp\/v2\/types\/page"}],"author":[{"embeddable":true,"href":"https:\/\/www.gody.si\/sl\/wp-json\/wp\/v2\/users\/1"}],"replies":[{"embeddable":true,"href":"https:\/\/www.gody.si\/sl\/wp-json\/wp\/v2\/comments?post=135"}],"version-history":[{"count":5,"href":"https:\/\/www.gody.si\/sl\/wp-json\/wp\/v2\/pages\/135\/revisions"}],"predecessor-version":[{"id":844,"href":"https:\/\/www.gody.si\/sl\/wp-json\/wp\/v2\/pages\/135\/revisions\/844"}],"up":[{"embeddable":true,"href":"https:\/\/www.gody.si\/sl\/wp-json\/wp\/v2\/pages\/91"}],"wp:attachment":[{"href":"https:\/\/www.gody.si\/sl\/wp-json\/wp\/v2\/media?parent=135"}],"curies":[{"name":"wp","href":"https:\/\/api.w.org\/{rel}","templated":true}]}}