{"id":12,"date":"2016-04-02T22:46:28","date_gmt":"2016-04-02T20:46:28","guid":{"rendered":"http:\/\/toskana.gody.si\/?page_id=12"},"modified":"2023-12-31T17:44:16","modified_gmt":"2023-12-31T16:44:16","slug":"welcome","status":"publish","type":"page","link":"https:\/\/www.gody.si\/sl\/","title":{"rendered":"Pozdravljeni v Toskanski bajti"},"content":{"rendered":"<p>Originalna kamnita hi\u0161a v vasi Fragaiolo, nedale\u010d od mesteca&nbsp;<a href=\"http:\/\/www.capresemichelangelo.net\/\" target=\"_blank\" rel=\"noopener noreferrer\">Caprese Michelangelo<\/a>, rojstnega kraja Michelangela Buonarrotija, na voljo za po\u010ditni\u0161ki najem.<\/p>\n<p>Zaradi odli\u010dnega polo\u017eaja za motoriste in dobrega za kolesarje vam bivanje v Toskanski bajti omogo\u010da izjemno izhodi\u0161\u010dno to\u010dko za raziskovanje Toskanskih cest, mest in pokrajine.<\/p>\n<p>Ve\u010dina ve\u010djih turisti\u010dnih mest (Arezzo, Siena, Firenze, Perugia, San Marino) je oddaljenih manj kot 130 km.<\/p>\n<h3>Related Images:<\/h3><a class=\"synved-social-button synved-social-button-share synved-social-size-24 synved-social-resolution-single synved-social-provider-facebook nolightbox\" data-provider=\"facebook\" target=\"_blank\" rel=\"nofollow\" title=\"Share on Facebook\" href=\"https:\/\/www.facebook.com\/sharer.php?u=https%3A%2F%2Fwww.gody.si%2Fsl%2Fwp-json%2Fwp%2Fv2%2Fpages%2F12&#038;t=Pozdravljeni%20v%20Toskanski%20bajti&#038;s=100&#038;p&#091;url&#093;=https%3A%2F%2Fwww.gody.si%2Fsl%2Fwp-json%2Fwp%2Fv2%2Fpages%2F12&#038;p&#091;images&#093;&#091;0&#093;=&#038;p&#091;title&#093;=Pozdravljeni%20v%20Toskanski%20bajti\" style=\"font-size: 0px;width:24px;height:24px;margin:0;margin-bottom:5px;margin-right:5px\"><img loading=\"lazy\" decoding=\"async\" alt=\"Facebook\" title=\"Share on Facebook\" class=\"synved-share-image synved-social-image synved-social-image-share\" width=\"24\" height=\"24\" style=\"display: inline;width:24px;height:24px;margin: 0;padding: 0;border: none;box-shadow: none\" src=\"https:\/\/www.gody.si\/wp-content\/plugins\/social-media-feather\/synved-social\/image\/social\/regular\/48x48\/facebook.png\" \/><\/a><a class=\"synved-social-button synved-social-button-share synved-social-size-24 synved-social-resolution-single synved-social-provider-twitter nolightbox\" data-provider=\"twitter\" target=\"_blank\" rel=\"nofollow\" title=\"Share on Twitter\" href=\"https:\/\/twitter.com\/intent\/tweet?url=https%3A%2F%2Fwww.gody.si%2Fsl%2Fwp-json%2Fwp%2Fv2%2Fpages%2F12&#038;text=Hey%20check%20this%20out\" style=\"font-size: 0px;width:24px;height:24px;margin:0;margin-bottom:5px;margin-right:5px\"><img loading=\"lazy\" decoding=\"async\" alt=\"twitter\" title=\"Share on Twitter\" class=\"synved-share-image synved-social-image synved-social-image-share\" width=\"24\" height=\"24\" style=\"display: inline;width:24px;height:24px;margin: 0;padding: 0;border: none;box-shadow: none\" src=\"https:\/\/www.gody.si\/wp-content\/plugins\/social-media-feather\/synved-social\/image\/social\/regular\/48x48\/twitter.png\" \/><\/a><a class=\"synved-social-button synved-social-button-share synved-social-size-24 synved-social-resolution-single synved-social-provider-reddit nolightbox\" data-provider=\"reddit\" target=\"_blank\" rel=\"nofollow\" title=\"Share on Reddit\" href=\"https:\/\/www.reddit.com\/submit?url=https%3A%2F%2Fwww.gody.si%2Fsl%2Fwp-json%2Fwp%2Fv2%2Fpages%2F12&#038;title=Pozdravljeni%20v%20Toskanski%20bajti\" style=\"font-size: 0px;width:24px;height:24px;margin:0;margin-bottom:5px;margin-right:5px\"><img loading=\"lazy\" decoding=\"async\" alt=\"reddit\" title=\"Share on Reddit\" class=\"synved-share-image synved-social-image synved-social-image-share\" width=\"24\" height=\"24\" style=\"display: inline;width:24px;height:24px;margin: 0;padding: 0;border: none;box-shadow: none\" src=\"https:\/\/www.gody.si\/wp-content\/plugins\/social-media-feather\/synved-social\/image\/social\/regular\/48x48\/reddit.png\" \/><\/a><a class=\"synved-social-button synved-social-button-share synved-social-size-24 synved-social-resolution-single synved-social-provider-pinterest nolightbox\" data-provider=\"pinterest\" target=\"_blank\" rel=\"nofollow\" title=\"Pin it with Pinterest\" href=\"https:\/\/pinterest.com\/pin\/create\/button\/?url=https%3A%2F%2Fwww.gody.si%2Fsl%2Fwp-json%2Fwp%2Fv2%2Fpages%2F12&#038;media=&#038;description=Pozdravljeni%20v%20Toskanski%20bajti\" style=\"font-size: 0px;width:24px;height:24px;margin:0;margin-bottom:5px;margin-right:5px\"><img loading=\"lazy\" decoding=\"async\" alt=\"pinterest\" title=\"Pin it with Pinterest\" class=\"synved-share-image synved-social-image synved-social-image-share\" width=\"24\" height=\"24\" style=\"display: inline;width:24px;height:24px;margin: 0;padding: 0;border: none;box-shadow: none\" src=\"https:\/\/www.gody.si\/wp-content\/plugins\/social-media-feather\/synved-social\/image\/social\/regular\/48x48\/pinterest.png\" \/><\/a><a class=\"synved-social-button synved-social-button-share synved-social-size-24 synved-social-resolution-single synved-social-provider-linkedin nolightbox\" data-provider=\"linkedin\" target=\"_blank\" rel=\"nofollow\" title=\"Share on Linkedin\" href=\"https:\/\/www.linkedin.com\/shareArticle?mini=true&#038;url=https%3A%2F%2Fwww.gody.si%2Fsl%2Fwp-json%2Fwp%2Fv2%2Fpages%2F12&#038;title=Pozdravljeni%20v%20Toskanski%20bajti\" style=\"font-size: 0px;width:24px;height:24px;margin:0;margin-bottom:5px;margin-right:5px\"><img loading=\"lazy\" decoding=\"async\" alt=\"linkedin\" title=\"Share on Linkedin\" class=\"synved-share-image synved-social-image synved-social-image-share\" width=\"24\" height=\"24\" style=\"display: inline;width:24px;height:24px;margin: 0;padding: 0;border: none;box-shadow: none\" src=\"https:\/\/www.gody.si\/wp-content\/plugins\/social-media-feather\/synved-social\/image\/social\/regular\/48x48\/linkedin.png\" \/><\/a><a class=\"synved-social-button synved-social-button-share synved-social-size-24 synved-social-resolution-single synved-social-provider-mail nolightbox\" data-provider=\"mail\" rel=\"nofollow\" title=\"Share by email\" href=\"mailto:?subject=Pozdravljeni%20v%20Toskanski%20bajti&#038;body=Hey%20check%20this%20out:%20https%3A%2F%2Fwww.gody.si%2Fsl%2Fwp-json%2Fwp%2Fv2%2Fpages%2F12\" style=\"font-size: 0px;width:24px;height:24px;margin:0;margin-bottom:5px\"><img loading=\"lazy\" decoding=\"async\" alt=\"mail\" title=\"Share by email\" class=\"synved-share-image synved-social-image synved-social-image-share\" width=\"24\" height=\"24\" style=\"display: inline;width:24px;height:24px;margin: 0;padding: 0;border: none;box-shadow: none\" src=\"https:\/\/www.gody.si\/wp-content\/plugins\/social-media-feather\/synved-social\/image\/social\/regular\/48x48\/mail.png\" \/><\/a><a class=\"synved-social-credit\" target=\"_blank\" rel=\"nofollow\" title=\"WordPress Social Media Feather\" href=\"http:\/\/synved.com\/wordpress-social-media-feather\/\" style=\"color:#444;text-decoration:none;font-size:8px;margin-left:5px;vertical-align:10px;white-space:nowrap\"><span>by <\/span><img loading=\"lazy\" decoding=\"async\" style=\"display: inline;margin:0;padding:0;width:16px;height:16px\" width=\"16\" height=\"16\" alt=\"feather\" src=\"https:\/\/www.gody.si\/wp-content\/plugins\/social-media-feather\/synved-social\/image\/icon.png\" \/><\/a>","protected":false},"excerpt":{"rendered":"<p>Originalna kamnita hi\u0161a v vasi Fragaiolo, nedale\u010d od mesteca&nbsp;Caprese Michelangelo, rojstnega kraja Michelangela Buonarrotija, na voljo za po\u010ditni\u0161ki najem. Zaradi odli\u010dnega polo\u017eaja za motoriste in dobrega za kolesarje vam bivanje v Toskanski bajti omogo\u010da izjemno izhodi\u0161\u010dno to\u010dko za raziskovanje Toskanskih cest, mest in pokrajine. Ve\u010dina ve\u010djih turisti\u010dnih mest (Arezzo, Siena, Firenze, Perugia, San Marino) je &hellip; <a href=\"https:\/\/www.gody.si\/sl\/\" class=\"more-link\">Preberi ve\u010d<span class=\"screen-reader-text\"> &#8220;Pozdravljeni v Toskanski bajti&#8221;<\/span><\/a><\/p>\n","protected":false},"author":1,"featured_media":0,"parent":0,"menu_order":0,"comment_status":"closed","ping_status":"closed","template":"","meta":{"ngg_post_thumbnail":0,"footnotes":""},"class_list":["post-12","page","type-page","status-publish","hentry"],"_links":{"self":[{"href":"https:\/\/www.gody.si\/sl\/wp-json\/wp\/v2\/pages\/12","targetHints":{"allow":["GET"]}}],"collection":[{"href":"https:\/\/www.gody.si\/sl\/wp-json\/wp\/v2\/pages"}],"about":[{"href":"https:\/\/www.gody.si\/sl\/wp-json\/wp\/v2\/types\/page"}],"author":[{"embeddable":true,"href":"https:\/\/www.gody.si\/sl\/wp-json\/wp\/v2\/users\/1"}],"replies":[{"embeddable":true,"href":"https:\/\/www.gody.si\/sl\/wp-json\/wp\/v2\/comments?post=12"}],"version-history":[{"count":16,"href":"https:\/\/www.gody.si\/sl\/wp-json\/wp\/v2\/pages\/12\/revisions"}],"predecessor-version":[{"id":1181,"href":"https:\/\/www.gody.si\/sl\/wp-json\/wp\/v2\/pages\/12\/revisions\/1181"}],"wp:attachment":[{"href":"https:\/\/www.gody.si\/sl\/wp-json\/wp\/v2\/media?parent=12"}],"curies":[{"name":"wp","href":"https:\/\/api.w.org\/{rel}","templated":true}]}}